
{"id":1077,"date":"2016-10-27T08:13:29","date_gmt":"2016-10-27T06:13:29","guid":{"rendered":"http:\/\/www.animacje-komputerowe.com.pl\/?page_id=1077"},"modified":"2024-02-21T15:16:16","modified_gmt":"2024-02-21T14:16:16","slug":"studio-dzwiekowe-2","status":"publish","type":"page","link":"https:\/\/www.animacje-komputerowe.com.pl\/en\/studio-dzwiekowe-2\/","title":{"rendered":"Studio D\u017awi\u0119kowe"},"content":{"rendered":"<h2 class=\"wp-block-heading\"><strong>Studio D\u017awi\u0119kowe Simple Frame: Doskona\u0142a Jako\u015b\u0107 D\u017awi\u0119ku dla Twojego Projektu<\/strong><\/h2>\n\n\n\n<p>Studio D\u017awi\u0119kowe Simple Frame to miejsce, gdzie Twoje d\u017awi\u0119ki nabieraj\u0105 \u017cycia, a Twoje projekty staj\u0105 si\u0119 jeszcze bardziej wyj\u0105tkowe. Specjalizujemy si\u0119 w produkcji d\u017awi\u0119ku dla film\u00f3w, reklam, gier wideo, oraz innych medi\u00f3w, zapewniaj\u0105c naszym klientom doskona\u0142\u0105 jako\u015b\u0107 <a href=\"https:\/\/www.animacje-komputerowe.com.pl\/en\/kaktus\/\">d\u017awi\u0119ku i muzyki<\/a>, oraz czytelne dialogi, kt\u00f3re skutecznie przyci\u0105gaj\u0105 uwag\u0119 i wzbogacaj\u0105 do\u015bwiadczenie odbiorcy.<\/p>\n\n\n\n<figure class=\"wp-block-image size-full\"><img loading=\"lazy\" decoding=\"async\" width=\"960\" height=\"300\" src=\"https:\/\/www.animacje-komputerowe.com.pl\/wp-content\/uploads\/2024\/02\/pp_01-1.jpg\" alt=\"Studio d\u017awi\u0119kowe\" class=\"wp-image-2815\" srcset=\"https:\/\/www.animacje-komputerowe.com.pl\/wp-content\/uploads\/2024\/02\/pp_01-1.jpg 960w, https:\/\/www.animacje-komputerowe.com.pl\/wp-content\/uploads\/2024\/02\/pp_01-1-300x94.jpg 300w, https:\/\/www.animacje-komputerowe.com.pl\/wp-content\/uploads\/2024\/02\/pp_01-1-768x240.jpg 768w, https:\/\/www.animacje-komputerowe.com.pl\/wp-content\/uploads\/2024\/02\/pp_01-1-230x72.jpg 230w, https:\/\/www.animacje-komputerowe.com.pl\/wp-content\/uploads\/2024\/02\/pp_01-1-350x109.jpg 350w, https:\/\/www.animacje-komputerowe.com.pl\/wp-content\/uploads\/2024\/02\/pp_01-1-480x150.jpg 480w\" sizes=\"auto, (max-width: 960px) 100vw, 960px\" \/><\/figure>\n\n\n\n<h2 class=\"wp-block-heading\">Zalety Naszego Studio D\u017awi\u0119kowego:<\/h2>\n\n\n\n<h4 class=\"wp-block-heading\">Doskona\u0142a Jako\u015b\u0107 D\u017awi\u0119ku<\/h4>\n\n\n\n<p>W naszym studio d\u017awi\u0119kowym k\u0142adziemy ogromny nacisk na jako\u015b\u0107 d\u017awi\u0119ku. Dzi\u0119ki zaawansowanemu sprz\u0119towi i profesjonalnemu podej\u015bciu naszych d\u017awi\u0119kowc\u00f3w, mo\u017cemy zapewni\u0107 klarowno\u015b\u0107, g\u0142\u0119bi\u0119 i dynamik\u0119 d\u017awi\u0119ku, co sprawia, \u017ce ka\u017cdy projekt brzmi wyj\u0105tkowo.<\/p>\n\n\n\n<h4 class=\"wp-block-heading\">Muzyka na Wysokim Poziomie<\/h4>\n\n\n\n<p>Muzyka odgrywa kluczow\u0105 rol\u0119 w wielu produkcjach, dlatego te\u017c w naszym<a href=\"https:\/\/www.animacje-komputerowe.com.pl\/en\/dr-marchewka-promocje\/\"> studio d\u017awi\u0119kowym<\/a> oferujemy szeroki wyb\u00f3r muzyki oryginalnej oraz licencjonowanej. Nasz zesp\u00f3\u0142 kompozytor\u00f3w i producent\u00f3w muzycznych pracuje nad stworzeniem \u015bcie\u017cki d\u017awi\u0119kowej idealnie dopasowanej do Twojego projektu, dodaj\u0105c mu niepowtarzalny charakter i emocjonaln\u0105 g\u0142\u0119bi\u0119.<\/p>\n\n\n\n<figure class=\"wp-block-image size-full\"><img loading=\"lazy\" decoding=\"async\" width=\"960\" height=\"300\" src=\"https:\/\/www.animacje-komputerowe.com.pl\/wp-content\/uploads\/2024\/02\/Stream_02.jpg\" alt=\"Studio d\u017awi\u0119kowe\" class=\"wp-image-2720\" srcset=\"https:\/\/www.animacje-komputerowe.com.pl\/wp-content\/uploads\/2024\/02\/Stream_02.jpg 960w, https:\/\/www.animacje-komputerowe.com.pl\/wp-content\/uploads\/2024\/02\/Stream_02-300x94.jpg 300w, https:\/\/www.animacje-komputerowe.com.pl\/wp-content\/uploads\/2024\/02\/Stream_02-768x240.jpg 768w, https:\/\/www.animacje-komputerowe.com.pl\/wp-content\/uploads\/2024\/02\/Stream_02-230x72.jpg 230w, https:\/\/www.animacje-komputerowe.com.pl\/wp-content\/uploads\/2024\/02\/Stream_02-350x109.jpg 350w, https:\/\/www.animacje-komputerowe.com.pl\/wp-content\/uploads\/2024\/02\/Stream_02-480x150.jpg 480w\" sizes=\"auto, (max-width: 960px) 100vw, 960px\" \/><\/figure>\n\n\n\n<h4 class=\"wp-block-heading\">Czytelne Dialogi<\/h4>\n\n\n\n<p>Czytelno\u015b\u0107 dialog\u00f3w jest kluczowa w filmach i produkcjach audiowizualnych. W naszym studio d\u017awi\u0119kowym dbamy o to, aby ka\u017cdy dialog by\u0142 wyra\u017any i zrozumia\u0142y dla widza. Dzi\u0119ki precyzyjnej edycji d\u017awi\u0119ku i odpowiedniemu miksu, zapewniamy, \u017ce ka\u017cde s\u0142owo zostanie doskonale us\u0142yszane.<\/p>\n\n\n\n<figure class=\"wp-block-image size-full\"><img loading=\"lazy\" decoding=\"async\" width=\"960\" height=\"300\" src=\"https:\/\/www.animacje-komputerowe.com.pl\/wp-content\/uploads\/2024\/02\/Tech_04.jpg\" alt=\"Studio d\u017awi\u0119kowe\" class=\"wp-image-2728\" srcset=\"https:\/\/www.animacje-komputerowe.com.pl\/wp-content\/uploads\/2024\/02\/Tech_04.jpg 960w, https:\/\/www.animacje-komputerowe.com.pl\/wp-content\/uploads\/2024\/02\/Tech_04-300x94.jpg 300w, https:\/\/www.animacje-komputerowe.com.pl\/wp-content\/uploads\/2024\/02\/Tech_04-768x240.jpg 768w, https:\/\/www.animacje-komputerowe.com.pl\/wp-content\/uploads\/2024\/02\/Tech_04-230x72.jpg 230w, https:\/\/www.animacje-komputerowe.com.pl\/wp-content\/uploads\/2024\/02\/Tech_04-350x109.jpg 350w, https:\/\/www.animacje-komputerowe.com.pl\/wp-content\/uploads\/2024\/02\/Tech_04-480x150.jpg 480w\" sizes=\"auto, (max-width: 960px) 100vw, 960px\" \/><\/figure>\n\n\n\n<h4 class=\"wp-block-heading\">Profesjonalizm i Do\u015bwiadczenie<\/h4>\n\n\n\n<p>Nasz zesp\u00f3\u0142 sk\u0142ada si\u0119 z do\u015bwiadczonych d\u017awi\u0119kowc\u00f3w, in\u017cynier\u00f3w d\u017awi\u0119ku, kompozytor\u00f3w i producent\u00f3w muzycznych, kt\u00f3rzy posiadaj\u0105 bogate do\u015bwiadczenie w bran\u017cy. Dzi\u0119ki naszej wiedzy i umiej\u0119tno\u015bciom, jeste\u015bmy w stanie sprosta\u0107 nawet najbardziej wymagaj\u0105cym<a href=\"https:\/\/www.animacje-komputerowe.com.pl\/en\/1395-2\/\"> projektom<\/a>, zapewniaj\u0105c naszym klientom profesjonalizm na najwy\u017cszym poziomie.<\/p>\n\n\n\n<figure class=\"wp-block-image size-full\"><img loading=\"lazy\" decoding=\"async\" width=\"960\" height=\"300\" src=\"https:\/\/www.animacje-komputerowe.com.pl\/wp-content\/uploads\/2024\/02\/Tech_07.jpg\" alt=\"Studio d\u017awi\u0119kowe\" class=\"wp-image-2731\" srcset=\"https:\/\/www.animacje-komputerowe.com.pl\/wp-content\/uploads\/2024\/02\/Tech_07.jpg 960w, https:\/\/www.animacje-komputerowe.com.pl\/wp-content\/uploads\/2024\/02\/Tech_07-300x94.jpg 300w, https:\/\/www.animacje-komputerowe.com.pl\/wp-content\/uploads\/2024\/02\/Tech_07-768x240.jpg 768w, https:\/\/www.animacje-komputerowe.com.pl\/wp-content\/uploads\/2024\/02\/Tech_07-230x72.jpg 230w, https:\/\/www.animacje-komputerowe.com.pl\/wp-content\/uploads\/2024\/02\/Tech_07-350x109.jpg 350w, https:\/\/www.animacje-komputerowe.com.pl\/wp-content\/uploads\/2024\/02\/Tech_07-480x150.jpg 480w\" sizes=\"auto, (max-width: 960px) 100vw, 960px\" \/><\/figure>\n\n\n\n<h6 class=\"wp-block-heading\">Indywidualne podej\u015bcie<\/h6>\n\n\n\n<p>W naszym studio d\u017awi\u0119kowym ka\u017cdy projekt traktujemy indywidualnie. Rozumiemy, \u017ce ka\u017cdy klient ma inne potrzeby i oczekiwania, dlatego te\u017c dok\u0142adamy wszelkich stara\u0144, aby dopasowa\u0107 nasze us\u0142ugi do konkretnych wymaga\u0144 i preferencji klienta. Jeste\u015bmy elastyczni i otwarci na wsp\u00f3\u0142prac\u0119, aby zagwarantowa\u0107 pe\u0142ne zadowolenie naszych klient\u00f3w.<\/p>\n\n\n\n<figure class=\"wp-block-embed is-type-video is-provider-vimeo wp-block-embed-vimeo\"><div class=\"wp-block-embed__wrapper\">\n<iframe loading=\"lazy\" title=\"Toyota_Szkolenie.mp4\" src=\"https:\/\/player.vimeo.com\/video\/746452854?dnt=1&amp;app_id=122963\" width=\"1170\" height=\"658\" frameborder=\"0\" allow=\"autoplay; fullscreen; picture-in-picture\"><\/iframe>\n<\/div><\/figure>\n\n\n\n<h3 class=\"wp-block-heading\">Summary<\/h3>\n\n\n\n<p><a href=\"https:\/\/www.animacje-komputerowe.com.pl\/en\/e-containers-animacja-produktowa\/\">Studio D\u017awi\u0119kowe Simple Frame<\/a> to nie tylko miejsce, gdzie d\u017awi\u0119k nabiera \u017cycia, ale tak\u017ce gdzie Twoje projekty staj\u0105 si\u0119 jeszcze bardziej wyj\u0105tkowe. Dzi\u0119ki doskona\u0142ej jako\u015bci d\u017awi\u0119ku, muzyki na wysokim poziomie oraz czytelnym dialogom, zapewniamy naszym klientom kompleksowe us\u0142ugi d\u017awi\u0119kowe, kt\u00f3re wyr\u00f3\u017cniaj\u0105 si\u0119 na tle konkurencji. Profesjonalizm, do\u015bwiadczenie oraz indywidualne podej\u015bcie to nasze atuty, kt\u00f3re sprawiaj\u0105, \u017ce Studio D\u017awi\u0119kowe  Warszawa Simple Frame to najlepszy wyb\u00f3r dla ka\u017cdego projektu d\u017awi\u0119kowego. Daj nam szans\u0119, a przekonasz si\u0119, jak wiele mo\u017cemy zrobi\u0107 dla Twojego projektu!<\/p>\n\n\n\n<figure class=\"wp-block-image size-full\"><img loading=\"lazy\" decoding=\"async\" width=\"960\" height=\"300\" src=\"https:\/\/www.animacje-komputerowe.com.pl\/wp-content\/uploads\/2024\/02\/Stream_04.jpg\" alt=\"Studio d\u017awi\u0119kowe\" class=\"wp-image-2722\" srcset=\"https:\/\/www.animacje-komputerowe.com.pl\/wp-content\/uploads\/2024\/02\/Stream_04.jpg 960w, https:\/\/www.animacje-komputerowe.com.pl\/wp-content\/uploads\/2024\/02\/Stream_04-300x94.jpg 300w, https:\/\/www.animacje-komputerowe.com.pl\/wp-content\/uploads\/2024\/02\/Stream_04-768x240.jpg 768w, https:\/\/www.animacje-komputerowe.com.pl\/wp-content\/uploads\/2024\/02\/Stream_04-230x72.jpg 230w, https:\/\/www.animacje-komputerowe.com.pl\/wp-content\/uploads\/2024\/02\/Stream_04-350x109.jpg 350w, https:\/\/www.animacje-komputerowe.com.pl\/wp-content\/uploads\/2024\/02\/Stream_04-480x150.jpg 480w\" sizes=\"auto, (max-width: 960px) 100vw, 960px\" \/><\/figure>\n\n\n\n<div class=\"row\" style=\"width: 99%;\">\n<div class=\"col-md-4\">\n<ul class=\"graphic\">\n<li><a href=\"http:\/\/marketingvideo.com.pl\/wp-content\/uploads\/mp3\/AWF.mp3\" target=\"_blank\" rel=\"noopener\">AWF<\/a><\/li>\n<li><a href=\"http:\/\/marketingvideo.com.pl\/wp-content\/uploads\/mp3\/BBN.mp3\" target=\"_blank\" rel=\"noopener\">BBN<\/a><\/li>\n<li><a href=\"http:\/\/marketingvideo.com.pl\/wp-content\/uploads\/mp3\/BEKO_audio.mp3\" target=\"_blank\" rel=\"noopener\">Beko<\/a><\/li>\n<li><a href=\"http:\/\/marketingvideo.com.pl\/wp-content\/uploads\/mp3\/CENTRUM_01.mp3\" target=\"_blank\" rel=\"noopener\">Centrum<\/a><\/li>\n<li><a href=\"http:\/\/marketingvideo.com.pl\/wp-content\/uploads\/mp3\/EkoPolska.mp3\" target=\"_blank\" rel=\"noopener\">Eko Polska<\/a><\/li>\n<li><a href=\"http:\/\/marketingvideo.com.pl\/wp-content\/uploads\/mp3\/Gamebrain.mp3\" target=\"_blank\" rel=\"noopener\">Game Brain<\/a><\/li>\n<li><a href=\"http:\/\/marketingvideo.com.pl\/wp-content\/uploads\/mp3\/Intermarche_01.mp3\" target=\"_blank\" rel=\"noopener\">Intermarche<\/a><\/li>\n<\/ul>\n<\/div>\n<div class=\"col-md-4\">\n<ul class=\"graphic\">\n<li><a href=\"http:\/\/marketingvideo.com.pl\/wp-content\/uploads\/mp3\/IronMountain.mp3\" target=\"_blank\" rel=\"noopener\">Iron Mountain<\/a><\/li>\n<li><a href=\"http:\/\/marketingvideo.com.pl\/wp-content\/uploads\/mp3\/Kaldewei.mp3\" target=\"_blank\" rel=\"noopener\">Kaldewei<\/a><\/li>\n<li><a href=\"http:\/\/marketingvideo.com.pl\/wp-content\/uploads\/mp3\/Mapei.mp3\" target=\"_blank\" rel=\"noopener\">Mapei<\/a><\/li>\n<li><a href=\"http:\/\/marketingvideo.com.pl\/wp-content\/uploads\/mp3\/Mlekovita_01.mp3\" target=\"_blank\" rel=\"noopener\">Mlekovita<\/a><\/li>\n<li><a href=\"http:\/\/marketingvideo.com.pl\/wp-content\/uploads\/mp3\/MSWiA.mp3\" target=\"_blank\" rel=\"noopener\">MSWiA<\/a><\/li>\n<li><a href=\"http:\/\/marketingvideo.com.pl\/wp-content\/uploads\/mp3\/Natalis.mp3\" target=\"_blank\" rel=\"noopener\">Natalis<\/a><\/li>\n<li><a href=\"http:\/\/marketingvideo.com.pl\/wp-content\/uploads\/mp3\/Nola.mp3\" target=\"_blank\" rel=\"noopener\">Nola<\/a><\/li>\n<\/ul>\n<\/div>\n<div class=\"col-md-4\">\n<ul class=\"graphic\">\n<li><a href=\"http:\/\/marketingvideo.com.pl\/wp-content\/uploads\/mp3\/POT.mp3\" target=\"_blank\" rel=\"noopener\">POT<\/a><\/li>\n<li><a href=\"http:\/\/marketingvideo.com.pl\/wp-content\/uploads\/mp3\/Ludwik_audio.mp3\" target=\"_blank\" rel=\"noopener\">Ludwik<\/a><\/li>\n<li><a href=\"http:\/\/marketingvideo.com.pl\/wp-content\/uploads\/mp3\/Silence.mp3\" target=\"_blank\" rel=\"noopener\">Silence<\/a><\/li>\n<li><a href=\"http:\/\/marketingvideo.com.pl\/wp-content\/uploads\/mp3\/SPHINX_audio.mp3\" target=\"_blank\" rel=\"noopener\">SPHINX<\/a><\/li>\n<li><a href=\"http:\/\/marketingvideo.com.pl\/wp-content\/uploads\/mp3\/Skandia.mp3\" target=\"_blank\" rel=\"noopener\">Skandia<\/a><\/li>\n<li><a href=\"http:\/\/marketingvideo.com.pl\/wp-content\/uploads\/mp3\/Vifon_01.mp3\" target=\"_blank\" rel=\"noopener\">Vifon<\/a><\/li>\n<li><a href=\"http:\/\/marketingvideo.com.pl\/wp-content\/uploads\/mp3\/Wartner.mp3\" target=\"_blank\" rel=\"noopener\">Wartner<\/a><\/li>\n<\/ul>\n<\/div>\n<\/div>","protected":false},"excerpt":{"rendered":"<p>Studio D\u017awi\u0119kowe Simple Frame: Doskona\u0142a Jako\u015b\u0107 D\u017awi\u0119ku dla Twojego Projektu Studio D\u017awi\u0119kowe Simple Frame to [&hellip;]<\/p>\n","protected":false},"author":1,"featured_media":0,"parent":0,"menu_order":0,"comment_status":"closed","ping_status":"closed","template":"","meta":{"footnotes":""},"class_list":["post-1077","page","type-page","status-publish","hentry"],"_links":{"self":[{"href":"https:\/\/www.animacje-komputerowe.com.pl\/en\/wp-json\/wp\/v2\/pages\/1077","targetHints":{"allow":["GET"]}}],"collection":[{"href":"https:\/\/www.animacje-komputerowe.com.pl\/en\/wp-json\/wp\/v2\/pages"}],"about":[{"href":"https:\/\/www.animacje-komputerowe.com.pl\/en\/wp-json\/wp\/v2\/types\/page"}],"author":[{"embeddable":true,"href":"https:\/\/www.animacje-komputerowe.com.pl\/en\/wp-json\/wp\/v2\/users\/1"}],"replies":[{"embeddable":true,"href":"https:\/\/www.animacje-komputerowe.com.pl\/en\/wp-json\/wp\/v2\/comments?post=1077"}],"version-history":[{"count":10,"href":"https:\/\/www.animacje-komputerowe.com.pl\/en\/wp-json\/wp\/v2\/pages\/1077\/revisions"}],"predecessor-version":[{"id":2843,"href":"https:\/\/www.animacje-komputerowe.com.pl\/en\/wp-json\/wp\/v2\/pages\/1077\/revisions\/2843"}],"wp:attachment":[{"href":"https:\/\/www.animacje-komputerowe.com.pl\/en\/wp-json\/wp\/v2\/media?parent=1077"}],"curies":[{"name":"wp","href":"https:\/\/api.w.org\/{rel}","templated":true}]}}