
{"id":1071,"date":"2016-10-27T08:11:45","date_gmt":"2016-10-27T06:11:45","guid":{"rendered":"http:\/\/www.animacje-komputerowe.com.pl\/?page_id=1071"},"modified":"2024-02-20T08:54:24","modified_gmt":"2024-02-20T07:54:24","slug":"film-reklamowy","status":"publish","type":"page","link":"https:\/\/www.animacje-komputerowe.com.pl\/en\/film-reklamowy\/","title":{"rendered":"Advertising film"},"content":{"rendered":"<p lang=\"zxx\">Film reklamowy to narz\u0119dzie, kt\u00f3re wykorzystuje si\u0119 w <a href=\"https:\/\/simpleframe.pl\/prezentacje-multimedialne\/\" target=\"_blank\" rel=\"noopener noreferrer\">promocji<\/a> produkt\u00f3w i us\u0142ug w telewizji czy internecie. Dzi\u0119ki temu mo\u017ce promowa\u0107 us\u0142ugi oraz produkty, kt\u00f3re klient chce zareklamowa\u0107. Reklama emitowana w telewizji to najbardziej skuteczna reklama, kt\u00f3rej zasi\u0119g jest kilkukrotnie wi\u0119kszy ni\u017c inne media reklamowe.<\/p>\n<p><iframe loading=\"lazy\" title=\"Production&amp;Postproduction\" src=\"https:\/\/player.vimeo.com\/video\/112815257?dnt=1&amp;app_id=122963\" width=\"1170\" height=\"658\" frameborder=\"0\" allow=\"autoplay; fullscreen; picture-in-picture\"><\/iframe><\/p>\n<p lang=\"zxx\"><strong>Film reklamowy &#8211; korzy\u015bci z jego produkcji<\/strong><\/p>\n<p lang=\"zxx\">Dla klient\u00f3w indywidualnych jak i korporacyjnych, reklama daje mo\u017cliwo\u015b\u0107 szerokiej promocji ich us\u0142ug. Film reklamowy mo\u017ce dzia\u0142a\u0107 r\u00f3wnie\u017c wizerunkowo, promuj\u0105c wszystkie <a href=\"http:\/\/www.animacje-komputerowe.com.pl\/en\/\" target=\"_blank\" rel=\"noopener noreferrer\">dzia\u0142ania<\/a> firmy, zamiast skupia\u0107 si\u0119 na okre\u015blonym produkcie. Dzi\u0119ki temu poprawia ona lub utrzymuje sw\u00f3j wizerunek. To znacznie wp\u0142ywa na zaufanie potencjalnych klient\u00f3w i kontrahent\u00f3w na decyzje o wsp\u00f3\u0142pracy czy zakupie. Produkcja filmu reklamowego odbywa si\u0119 tak samo jak film\u00f3w fabularnych, z zachowaniem wszystkich proces\u00f3w. Dzi\u0119ki czemu ca\u0142o\u015b\u0107 produkcji przebiega sprawnie.<\/p>\n<p lang=\"zxx\"><strong>Produkcja filmu reklamowego w <a href=\"https:\/\/simpleframe.pl\/film-reklamowy\/\" target=\"_blank\" rel=\"noopener\">Simple Frame<\/a><\/strong><\/p>\n<p lang=\"zxx\">Studio produkcyjne Simple Frame to uznany producent film\u00f3w reklamowych, dzi\u0119ki kt\u00f3remu firmy otrzymuj\u0105 gotowy do emisji, atrakcyjny wizualnie i bardzo skuteczny film reklamowy. Tworzymy tak\u017ce skuteczne spoty radiowe oraz animacje 2d i 3d, dzi\u0119ki kt\u00f3rym klienci mog\u0105 rozwija\u0107 si\u0119, rozszerza\u0107 pole promocji oraz czerpa\u0107 zyski. Zajmujemy si\u0119 r\u00f3wnie\u017c tworzeniem animacji 2d i 3d oraz spot\u00f3w radiowych i reklam internetowych, w zale\u017cno\u015bci od oczekiwa\u0144 klienta oraz potrzeb jego marki.<\/p>\n<p><iframe loading=\"lazy\" title=\"CUK - third party liability\/AC insurance\" src=\"https:\/\/player.vimeo.com\/video\/209180359?dnt=1&amp;app_id=122963\" width=\"1170\" height=\"658\" frameborder=\"0\" allow=\"autoplay; fullscreen; picture-in-picture\"><\/iframe><\/p>\n\n\n<p>Korzystamy z najlepszego dost\u0119pnego na rynku sprz\u0119tu. Chcemy, \u017ceby nasze dzie\u0142a i us\u0142ugi by\u0142y na najwy\u017cszym mo\u017cliwym poziomie. <\/p>\n\n\n\n<figure class=\"wp-block-image size-full\"><img loading=\"lazy\" decoding=\"async\" width=\"960\" height=\"300\" src=\"https:\/\/www.animacje-komputerowe.com.pl\/wp-content\/uploads\/2024\/02\/Stream_05.jpg\" alt=\"Film reklamowy\" class=\"wp-image-2641\" srcset=\"https:\/\/www.animacje-komputerowe.com.pl\/wp-content\/uploads\/2024\/02\/Stream_05.jpg 960w, https:\/\/www.animacje-komputerowe.com.pl\/wp-content\/uploads\/2024\/02\/Stream_05-300x94.jpg 300w, https:\/\/www.animacje-komputerowe.com.pl\/wp-content\/uploads\/2024\/02\/Stream_05-768x240.jpg 768w, https:\/\/www.animacje-komputerowe.com.pl\/wp-content\/uploads\/2024\/02\/Stream_05-230x72.jpg 230w, https:\/\/www.animacje-komputerowe.com.pl\/wp-content\/uploads\/2024\/02\/Stream_05-350x109.jpg 350w, https:\/\/www.animacje-komputerowe.com.pl\/wp-content\/uploads\/2024\/02\/Stream_05-480x150.jpg 480w\" sizes=\"auto, (max-width: 960px) 100vw, 960px\" \/><\/figure>","protected":false},"excerpt":{"rendered":"<p>Film reklamowy to narz\u0119dzie, kt\u00f3re wykorzystuje si\u0119 w promocji produkt\u00f3w i us\u0142ug w telewizji czy [&hellip;]<\/p>\n","protected":false},"author":1,"featured_media":119,"parent":0,"menu_order":0,"comment_status":"closed","ping_status":"closed","template":"","meta":{"footnotes":""},"class_list":["post-1071","page","type-page","status-publish","has-post-thumbnail","hentry"],"_links":{"self":[{"href":"https:\/\/www.animacje-komputerowe.com.pl\/en\/wp-json\/wp\/v2\/pages\/1071","targetHints":{"allow":["GET"]}}],"collection":[{"href":"https:\/\/www.animacje-komputerowe.com.pl\/en\/wp-json\/wp\/v2\/pages"}],"about":[{"href":"https:\/\/www.animacje-komputerowe.com.pl\/en\/wp-json\/wp\/v2\/types\/page"}],"author":[{"embeddable":true,"href":"https:\/\/www.animacje-komputerowe.com.pl\/en\/wp-json\/wp\/v2\/users\/1"}],"replies":[{"embeddable":true,"href":"https:\/\/www.animacje-komputerowe.com.pl\/en\/wp-json\/wp\/v2\/comments?post=1071"}],"version-history":[{"count":10,"href":"https:\/\/www.animacje-komputerowe.com.pl\/en\/wp-json\/wp\/v2\/pages\/1071\/revisions"}],"predecessor-version":[{"id":2643,"href":"https:\/\/www.animacje-komputerowe.com.pl\/en\/wp-json\/wp\/v2\/pages\/1071\/revisions\/2643"}],"wp:featuredmedia":[{"embeddable":true,"href":"https:\/\/www.animacje-komputerowe.com.pl\/en\/wp-json\/wp\/v2\/media\/119"}],"wp:attachment":[{"href":"https:\/\/www.animacje-komputerowe.com.pl\/en\/wp-json\/wp\/v2\/media?parent=1071"}],"curies":[{"name":"wp","href":"https:\/\/api.w.org\/{rel}","templated":true}]}}