
{"id":1995,"date":"2022-01-18T09:56:52","date_gmt":"2022-01-18T08:56:52","guid":{"rendered":"https:\/\/www.animacje-komputerowe.com.pl\/?page_id=1995"},"modified":"2025-02-18T10:42:03","modified_gmt":"2025-02-18T09:42:03","slug":"produkcja-animacji","status":"publish","type":"page","link":"https:\/\/www.animacje-komputerowe.com.pl\/de\/","title":{"rendered":"Produktion von Animationen"},"content":{"rendered":"<h2 class=\"wp-block-heading\" data-pm-slice=\"1 1 []\"><strong>Animationsproduktion f\u00fcr Gesch\u00e4ftszwecke - ein leistungsstarkes Marketing- und Verkaufsinstrument<\/strong><\/h2>\r\n<p>Im Zeitalter der digitalen Kommunikation ist die Animation zu einem der wirksamsten Mittel geworden, um <a href=\"http:\/\/simpleframe.pl\" target=\"_blank\" rel=\"noopener\">Marketinginstrumente<\/a> und Verkauf. Unternehmen nutzen zunehmend animierte Inhalte, um ihre Produkte, Dienstleistungen und komplexen Konzepte auf verst\u00e4ndliche, attraktive und einpr\u00e4gsame Weise zu pr\u00e4sentieren. Die Produktion von Animationen bietet Unternehmen enorme M\u00f6glichkeiten, die herk\u00f6mmliche Videos nicht haben. In diesem Artikel befassen wir uns mit der Rolle der Animation in der Wirtschaft und ihren Vorteilen gegen\u00fcber herk\u00f6mmlichen visuellen Pr\u00e4sentationsmethoden.<\/p>\r\n<p><iframe loading=\"lazy\" title=\"Technische Animation\" src=\"https:\/\/player.vimeo.com\/video\/246983173?badge=0&amp;autopause=0&amp;player_id=0&amp;app_id=58479\" width=\"1920\" height=\"1080\" frameborder=\"0\"><\/iframe><br \/><br \/><\/p>\r\n<h2 data-pm-slice=\"1 1 []\"><strong>Animation als vielseitiges Marketinginstrument<\/strong><\/h2>\r\n<p>Animationen sind eine \u00e4u\u00dferst flexible Form der Kommunikation, die sich an unterschiedliche Bed\u00fcrfnisse und Zielgruppen anpassen l\u00e4sst. Sie kann viele Formen annehmen - von einfachen 2D-Grafiken bis zu fortgeschrittenen <a href=\"https:\/\/www.animacje-komputerowe.com.pl\/de\/category\/animacja-techniczna\/\">3D-Modelle<\/a>. Dies macht es ideal f\u00fcr Werbung, Bildung, soziale Medien und sogar Unternehmenspr\u00e4sentationen.<\/p>\r\n<p>Einer der gr\u00f6\u00dften Vorteile der Animation ist ihre F\u00e4higkeit, komplexe Inhalte einfach und verst\u00e4ndlich zu erkl\u00e4ren. Technologie-, Medizin- oder Finanzunternehmen k\u00f6nnen animierte Videos erfolgreich einsetzen, um schwierige Konzepte, die Funktionsweise von Ger\u00e4ten oder Marktmechanismen zu erkl\u00e4ren. Animationen erm\u00f6glichen es auch, wichtige Informationen durch den Einsatz dynamischer Bild- und Toneffekte hervorzuheben.<\/p>\r\n<p><br \/><iframe loading=\"lazy\" title=\"IceOn\" src=\"https:\/\/player.vimeo.com\/video\/402094046?badge=0&amp;autopause=0&amp;player_id=0&amp;app_id=58479\" width=\"1920\" height=\"1080\" frameborder=\"0\"><\/iframe><br \/><br \/><\/p>\r\n<h2 data-pm-slice=\"1 1 []\"><strong>Die Vorteile von Animationen gegen\u00fcber herk\u00f6mmlichen Videos<\/strong><\/h2>\r\n<p>Die Videoproduktion erfordert die richtigen Einrichtungen - Drehorte, Schauspieler, Film- und Schnittausr\u00fcstung. Bei der Animation verschwinden diese Einschr\u00e4nkungen. Die Sch\u00f6pfer haben die vollst\u00e4ndige Kontrolle \u00fcber jeden visuellen Aspekt und k\u00f6nnen jede Szene, Form, Farbe und Bewegung kreieren, die im echten Leben unm\u00f6glich w\u00e4re.<\/p>\r\n<p>Dar\u00fcber hinaus erm\u00f6glicht die Animation die Darstellung von Elementen, die f\u00fcr das menschliche Auge unsichtbar sind. Wir k\u00f6nnen das Innenleben eines Produkts sehen, einen Blick in mikroskopische Strukturen werfen, Vorg\u00e4nge im menschlichen K\u00f6rper oder die Funktionsweise komplexer technischer Systeme zeigen. Diese Art der Visualisierung ist im Bildungswesen und in Branchen, in denen es auf Pr\u00e4zision und Detailgenauigkeit ankommt, \u00e4u\u00dferst wirksam.<\/p>\r\n<p><br \/><br \/><iframe loading=\"lazy\" title=\"Intenso \/ Jira\" src=\"https:\/\/player.vimeo.com\/video\/125022101?badge=0&amp;autopause=0&amp;player_id=0&amp;app_id=58479\" width=\"1280\" height=\"720\" frameborder=\"0\"><\/iframe><\/p>\r\n<h2 data-pm-slice=\"1 1 []\"><strong>Auswirkungen von Animationen auf den Verkauf und die Kundenbindung<\/strong><\/h2>\r\n<p>Gut gestaltete Animationen steigern das Engagement des Publikums, erregen Aufmerksamkeit und schaffen positive Markenassoziationen. Kurze, dynamische Videos werden gerne in sozialen Medien geteilt, was ihre Reichweite und Wirksamkeit weiter erh\u00f6ht. Dar\u00fcber hinaus k\u00f6nnen Animationen die Geschichte einer Marke effektiv erz\u00e4hlen und ihr einen einzigartigen Charakter und eine emotionale Anziehungskraft verleihen.<\/p>\r\n<p>Im E-Commerce helfen Produktanimationen den Kunden, die Funktionalit\u00e4t und die Vorteile der angebotenen Artikel besser zu verstehen. In der B2B-Branche unterst\u00fctzen animierte Videos effektiv den Verkauf, indem sie die Vorteile einer Dienstleistung oder Technologie auf attraktive Weise pr\u00e4sentieren.<\/p>\r\n<p><img loading=\"lazy\" decoding=\"async\" class=\"alignnone size-full wp-image-3018\" src=\"https:\/\/www.animacje-komputerowe.com.pl\/wp-content\/uploads\/2018\/12\/Tech_02.jpg\" alt=\"produkcja animacji\" width=\"960\" height=\"300\" srcset=\"https:\/\/www.animacje-komputerowe.com.pl\/wp-content\/uploads\/2018\/12\/Tech_02.jpg 960w, https:\/\/www.animacje-komputerowe.com.pl\/wp-content\/uploads\/2018\/12\/Tech_02-300x94.jpg 300w, https:\/\/www.animacje-komputerowe.com.pl\/wp-content\/uploads\/2018\/12\/Tech_02-768x240.jpg 768w, https:\/\/www.animacje-komputerowe.com.pl\/wp-content\/uploads\/2018\/12\/Tech_02-230x72.jpg 230w, https:\/\/www.animacje-komputerowe.com.pl\/wp-content\/uploads\/2018\/12\/Tech_02-350x109.jpg 350w, https:\/\/www.animacje-komputerowe.com.pl\/wp-content\/uploads\/2018\/12\/Tech_02-480x150.jpg 480w\" sizes=\"auto, (max-width: 960px) 100vw, 960px\" \/><\/p>\r\n<h2><strong>Zusammenfassung<\/strong><\/h2>\r\n<p>Animationen sind ein leistungsf\u00e4higes Gesch\u00e4ftsinstrument, das nahezu unbegrenzte Pr\u00e4sentationsm\u00f6glichkeiten bietet. Dank ihrer Flexibilit\u00e4t, ihrer visuellen Attraktivit\u00e4t und ihrer F\u00e4higkeit, schwierige Konzepte auf verst\u00e4ndliche Weise zu vermitteln, wird die Animation zu einem unverzichtbaren Bestandteil der Marketing- und Vertriebsstrategien moderner Unternehmen. Es lohnt sich, in animierte Inhalte zu investieren, um die Sichtbarkeit der Marke, das Engagement des Publikums und die Umsatzzahlen zu steigern.<\/p>","protected":false},"excerpt":{"rendered":"<p>Produkcja animacji dla cel\u00f3w biznesowych \u2013 pot\u0119\u017cne narz\u0119dzie marketingowe i sprzeda\u017cowe W dobie cyfrowej komunikacji [&hellip;]<\/p>\n","protected":false},"author":1,"featured_media":0,"parent":0,"menu_order":0,"comment_status":"closed","ping_status":"closed","template":"","meta":{"footnotes":""},"class_list":["post-1995","page","type-page","status-publish","hentry"],"_links":{"self":[{"href":"https:\/\/www.animacje-komputerowe.com.pl\/de\/wp-json\/wp\/v2\/pages\/1995","targetHints":{"allow":["GET"]}}],"collection":[{"href":"https:\/\/www.animacje-komputerowe.com.pl\/de\/wp-json\/wp\/v2\/pages"}],"about":[{"href":"https:\/\/www.animacje-komputerowe.com.pl\/de\/wp-json\/wp\/v2\/types\/page"}],"author":[{"embeddable":true,"href":"https:\/\/www.animacje-komputerowe.com.pl\/de\/wp-json\/wp\/v2\/users\/1"}],"replies":[{"embeddable":true,"href":"https:\/\/www.animacje-komputerowe.com.pl\/de\/wp-json\/wp\/v2\/comments?post=1995"}],"version-history":[{"count":19,"href":"https:\/\/www.animacje-komputerowe.com.pl\/de\/wp-json\/wp\/v2\/pages\/1995\/revisions"}],"predecessor-version":[{"id":3444,"href":"https:\/\/www.animacje-komputerowe.com.pl\/de\/wp-json\/wp\/v2\/pages\/1995\/revisions\/3444"}],"wp:attachment":[{"href":"https:\/\/www.animacje-komputerowe.com.pl\/de\/wp-json\/wp\/v2\/media?parent=1995"}],"curies":[{"name":"wp","href":"https:\/\/api.w.org\/{rel}","templated":true}]}}