
{"id":1681,"date":"2020-06-23T14:47:07","date_gmt":"2020-06-23T12:47:07","guid":{"rendered":"http:\/\/www.animacje-komputerowe.com.pl\/?page_id=1681"},"modified":"2024-02-21T13:31:49","modified_gmt":"2024-02-21T12:31:49","slug":"nagrywanie-szkolen","status":"publish","type":"page","link":"https:\/\/www.animacje-komputerowe.com.pl\/de\/nagrywanie-szkolen\/","title":{"rendered":"Nagrywanie szkole\u0144"},"content":{"rendered":"<h2 class=\"wp-block-heading\">Szkolenia jako inwestycja w ludzi, czyli nagrywanie szkole\u0144.<\/h2>\n\n\n\n<p>Nagrywanie szkole\u0144 w edukacji i kszta\u0142ceniu pracownik\u00f3w stanowi niezwykle u\u017cyteczne <a href=\"http:\/\/marketingvideo.com.pl\/nagrywanie-szkolen\/\" target=\"_blank\" rel=\"noopener\">narz\u0119dzie<\/a>, kt\u00f3re przynosi liczne korzy\u015bci zar\u00f3wno dla biznes\u00f3w, jak i innych organizacji. W dobie szybkiego rozwoju technologii i coraz wi\u0119kszej konkurencji na rynku pracy, mo\u017cliwo\u015b\u0107 zapisania i udost\u0119pnienia tre\u015bci szkoleniowych w formie nagranych sesji staje si\u0119 niezb\u0119dna. Poni\u017cej przedstawiam zalety nagrywania szkole\u0144 oraz jego znaczenie dla r\u00f3\u017cnych aspekt\u00f3w dzia\u0142alno\u015bci biznesowej i organizacyjnej.<\/p>\n\n\n\n<figure class=\"wp-block-embed is-type-video is-provider-vimeo wp-block-embed-vimeo wp-embed-aspect-16-9 wp-has-aspect-ratio\"><div class=\"wp-block-embed__wrapper\">\n<iframe loading=\"lazy\" title=\"LOT - film szkoleniowy\" src=\"https:\/\/player.vimeo.com\/video\/116359341?dnt=1&amp;app_id=122963\" width=\"1170\" height=\"658\" frameborder=\"0\" allow=\"autoplay; fullscreen; picture-in-picture\"><\/iframe>\n<\/div><\/figure>\n\n\n\n<h2 class=\"wp-block-heading\">1. Dost\u0119pno\u015b\u0107 i elastyczno\u015b\u0107<\/h2>\n\n\n\n<p>Nagrywanie szkole\u0144 umo\u017cliwia uczestnikom dost\u0119p do materia\u0142\u00f3w w dogodnym dla nich czasie i miejscu. Dzi\u0119ki temu pracownicy mog\u0105 uczy\u0107 si\u0119 bez konieczno\u015bci rezygnacji z codziennych obowi\u0105zk\u00f3w czy planowania specjalnych spotka\u0144. <a href=\"https:\/\/simpleframe.pl\/video-explainer\/\" target=\"_blank\" rel=\"noopener\">Elastyczno\u015b\u0107<\/a> w dost\u0119pie do tre\u015bci szkoleniowych zwi\u0119ksza efektywno\u015b\u0107 procesu edukacyjnego, poniewa\u017c ka\u017cdy mo\u017ce dostosowa\u0107 nauk\u0119 do w\u0142asnych preferencji i harmonogramu.<\/p>\n\n\n\n<p><\/p>\n\n\n<iframe loading=\"lazy\" src=\"https:\/\/player.vimeo.com\/video\/505166510?badge=0&amp;autopause=0&amp;player_id=0&amp;app_id=58479\" width=\"1920\" height=\"1080\" frameborder=\"0\" allow=\"autoplay; fullscreen; picture-in-picture\" title=\"HEPU - Film szkoleniowy_odc01\"><\/iframe>\n\n\n<h3 class=\"wp-block-heading\">2. Sta\u0142a dost\u0119pno\u015b\u0107 do zasob\u00f3w szkoleniowych<\/h3>\n\n\n\n<p><a href=\"https:\/\/www.animacje-komputerowe.com.pl\/de\/category\/film-szkoleniowy\/\">Nagrania szkole\u0144<\/a> stanowi\u0105 sta\u0142e \u017ar\u00f3d\u0142o wiedzy, kt\u00f3re mo\u017cna wykorzysta\u0107 wielokrotnie. Niezale\u017cnie od tego, czy nowy pracownik do\u0142\u0105cza do zespo\u0142u, czy te\u017c istniej\u0105cy pracownik potrzebuje od\u015bwie\u017cenia wiedzy, nagrane sesje pozwalaj\u0105 zapewni\u0107 konsystencj\u0119 w przekazywaniu informacji oraz zapewniaj\u0105 sp\u00f3jno\u015b\u0107 przekazu na wszystkich poziomach organizacji.<\/p>\n\n\n<iframe loading=\"lazy\" src=\"https:\/\/player.vimeo.com\/video\/250253282?badge=0&amp;autopause=0&amp;player_id=0&amp;app_id=58479\" width=\"1920\" height=\"1080\" frameborder=\"0\" allow=\"autoplay; fullscreen; picture-in-picture\" title=\"Orange_Funbox\"><\/iframe>\n\n\n<h5 class=\"wp-block-heading\">3. Mo\u017cliwo\u015b\u0107 powtarzania i ponownego przegl\u0105dania materia\u0142\u00f3w<\/h5>\n\n\n\n<p>Dzi\u0119ki nagraniom szkole\u0144 uczestnicy mog\u0105 powtarza\u0107 i ponownie przegl\u0105da\u0107 trudniejsze lub bardziej skomplikowane fragmenty, co pozwala im lepiej zrozumie\u0107 omawian\u0105 tematyk\u0119. Jest to szczeg\u00f3lnie przydatne w przypadku szkole\u0144 z zakresu technicznego, gdzie nawet drobne szczeg\u00f3\u0142y mog\u0105 mie\u0107 znaczenie.<\/p>\n\n\n\n<figure class=\"wp-block-image size-full\"><img loading=\"lazy\" decoding=\"async\" width=\"960\" height=\"300\" src=\"https:\/\/www.animacje-komputerowe.com.pl\/wp-content\/uploads\/2024\/02\/Relacja_filmowa_01.jpg\" alt=\"Nagrywanie szkole\u0144\" class=\"wp-image-2717\" srcset=\"https:\/\/www.animacje-komputerowe.com.pl\/wp-content\/uploads\/2024\/02\/Relacja_filmowa_01.jpg 960w, https:\/\/www.animacje-komputerowe.com.pl\/wp-content\/uploads\/2024\/02\/Relacja_filmowa_01-300x94.jpg 300w, https:\/\/www.animacje-komputerowe.com.pl\/wp-content\/uploads\/2024\/02\/Relacja_filmowa_01-768x240.jpg 768w, https:\/\/www.animacje-komputerowe.com.pl\/wp-content\/uploads\/2024\/02\/Relacja_filmowa_01-230x72.jpg 230w, https:\/\/www.animacje-komputerowe.com.pl\/wp-content\/uploads\/2024\/02\/Relacja_filmowa_01-350x109.jpg 350w, https:\/\/www.animacje-komputerowe.com.pl\/wp-content\/uploads\/2024\/02\/Relacja_filmowa_01-480x150.jpg 480w\" sizes=\"auto, (max-width: 960px) 100vw, 960px\" \/><\/figure>\n\n\n\n<h1 class=\"wp-block-heading\">4. Skalowalno\u015b\u0107 a nagrywanie szkole\u0144<\/h1>\n\n\n\n<p>Nagrywanie szkole\u0144 pozwala na \u0142atw\u0105 skalowalno\u015b\u0107 procesu szkoleniowego. Firmy mog\u0105 w ten spos\u00f3b dotrze\u0107 do wi\u0119kszej liczby pracownik\u00f3w lub uczestnik\u00f3w, niezale\u017cnie od ich lokalizacji. Jest to istotne zw\u0142aszcza w przypadku organizacji z oddzia\u0142ami lub pracownikami rozproszonymi geograficznie.<\/p>\n\n\n\n<h1 class=\"wp-block-heading\">5. Nagrywanie szkole\u0144 to oszcz\u0119dno\u015b\u0107 czasu i koszt\u00f3w<\/h1>\n\n\n\n<p>Tradycyjne szkolenia wymagaj\u0105 znacz\u0105cego nak\u0142adu czasu i koszt\u00f3w zwi\u0105zanych z organizacj\u0105 sal, materia\u0142\u00f3w dydaktycznych, podr\u00f3\u017cy czy wynagrodze\u0144 dla trener\u00f3w. Nagrania szkole\u0144 eliminuj\u0105 potrzeb\u0119 wielokrotnego przeprowadzania tych samych sesji oraz redukuj\u0105 koszty zwi\u0105zane z logistyk\u0105 i czasem.<\/p>\n\n\n\n<figure class=\"wp-block-image aligncenter size-full\"><img loading=\"lazy\" decoding=\"async\" width=\"960\" height=\"300\" src=\"https:\/\/www.animacje-komputerowe.com.pl\/wp-content\/uploads\/2024\/02\/Relacja_Filmowa_02.jpg\" alt=\"Nagrywanie szkole\u0144\" class=\"wp-image-2718\" srcset=\"https:\/\/www.animacje-komputerowe.com.pl\/wp-content\/uploads\/2024\/02\/Relacja_Filmowa_02.jpg 960w, https:\/\/www.animacje-komputerowe.com.pl\/wp-content\/uploads\/2024\/02\/Relacja_Filmowa_02-300x94.jpg 300w, https:\/\/www.animacje-komputerowe.com.pl\/wp-content\/uploads\/2024\/02\/Relacja_Filmowa_02-768x240.jpg 768w, https:\/\/www.animacje-komputerowe.com.pl\/wp-content\/uploads\/2024\/02\/Relacja_Filmowa_02-230x72.jpg 230w, https:\/\/www.animacje-komputerowe.com.pl\/wp-content\/uploads\/2024\/02\/Relacja_Filmowa_02-350x109.jpg 350w, https:\/\/www.animacje-komputerowe.com.pl\/wp-content\/uploads\/2024\/02\/Relacja_Filmowa_02-480x150.jpg 480w\" sizes=\"auto, (max-width: 960px) 100vw, 960px\" \/><\/figure>\n\n\n\n<h1 class=\"wp-block-heading\">6. Monitorowanie post\u0119p\u00f3w i ocena efektywno\u015bci<\/h1>\n\n\n\n<p>Dzi\u0119ki nagraniom szkole\u0144 zarz\u0105dzaj\u0105cy mog\u0105 monitorowa\u0107 post\u0119py uczestnik\u00f3w i ocenia\u0107 efektywno\u015b\u0107 procesu szkoleniowego. Analiza statystyk ogl\u0105dalno\u015bci oraz test\u00f3w sprawdzaj\u0105cych pozwala na szybk\u0105 identyfikacj\u0119 obszar\u00f3w wymagaj\u0105cych poprawy oraz dostosowanie dalszych dzia\u0142a\u0144 edukacyjnych.<\/p>\n\n\n\n<h1 class=\"wp-block-heading\">7. Sta\u0142a baza wiedzy dla nowych pracownik\u00f3w<\/h1>\n\n\n\n<p>Nagrywanie <a href=\"https:\/\/www.animacje-komputerowe.com.pl\/de\/klinika-dentist-2\/\">szkole\u0144<\/a> umo\u017cliwia tworzenie sta\u0142ej bazy wiedzy dla nowych pracownik\u00f3w. Dzi\u0119ki temu nowi cz\u0142onkowie zespo\u0142u mog\u0105 szybko zapozna\u0107 si\u0119 z najwa\u017cniejszymi informacjami i procedurami bez konieczno\u015bci przeprowadzania osobistych szkole\u0144, co znacz\u0105co skraca czas adaptacji i integracji z nowym \u015brodowiskiem pracy.<\/p>\n\n\n\n<figure class=\"wp-block-image size-full\"><img loading=\"lazy\" decoding=\"async\" width=\"960\" height=\"300\" src=\"https:\/\/www.animacje-komputerowe.com.pl\/wp-content\/uploads\/2024\/02\/Stream_01.jpg\" alt=\"Nagrywanie szkole\u0144\" class=\"wp-image-2719\" srcset=\"https:\/\/www.animacje-komputerowe.com.pl\/wp-content\/uploads\/2024\/02\/Stream_01.jpg 960w, https:\/\/www.animacje-komputerowe.com.pl\/wp-content\/uploads\/2024\/02\/Stream_01-300x94.jpg 300w, https:\/\/www.animacje-komputerowe.com.pl\/wp-content\/uploads\/2024\/02\/Stream_01-768x240.jpg 768w, https:\/\/www.animacje-komputerowe.com.pl\/wp-content\/uploads\/2024\/02\/Stream_01-230x72.jpg 230w, https:\/\/www.animacje-komputerowe.com.pl\/wp-content\/uploads\/2024\/02\/Stream_01-350x109.jpg 350w, https:\/\/www.animacje-komputerowe.com.pl\/wp-content\/uploads\/2024\/02\/Stream_01-480x150.jpg 480w\" sizes=\"auto, (max-width: 960px) 100vw, 960px\" \/><\/figure>\n\n\n\n<h1 class=\"wp-block-heading\">8. Mo\u017cliwo\u015b\u0107 personalizacji<\/h1>\n\n\n\n<p>Nagrania szkole\u0144 pozwalaj\u0105 na \u0142atw\u0105 personalizacj\u0119 tre\u015bci w zale\u017cno\u015bci od potrzeb i umiej\u0119tno\u015bci uczestnik\u00f3w. Firmy mog\u0105 tworzy\u0107 dedykowane \u015bcie\u017cki szkoleniowe, kt\u00f3re dostosowane s\u0105 do konkretnych stanowisk czy poziom\u00f3w do\u015bwiadczenia pracownik\u00f3w, co przyczynia si\u0119 do lepszego przyswajania wiedzy i wi\u0119kszej skuteczno\u015bci procesu edukacyjnego.<\/p>\n\n<iframe loading=\"lazy\" src=\"https:\/\/player.vimeo.com\/video\/776944962?badge=0&amp;autopause=0&amp;player_id=0&amp;app_id=58479\" width=\"1920\" height=\"1080\" frameborder=\"0\" allow=\"autoplay; fullscreen; picture-in-picture\" title=\"Mapei - MAPEGUARD WP SYSTEM II\"><\/iframe>\n\n<h1 class=\"wp-block-heading\">9. Pami\u0119\u0107 organizacyjna<\/h1>\n\n\n\n<p>Nagrywanie szkole\u0144 pozwala r\u00f3wnie\u017c na zachowanie pami\u0119ci organizacyjnej. <a href=\"https:\/\/www.animacje-komputerowe.com.pl\/de\/carlo-rossi\/\">Wiedza<\/a> i do\u015bwiadczenie przekazywane w ramach szkole\u0144 s\u0105 dokumentowane i mog\u0105 by\u0107 wykorzystane w przysz\u0142o\u015bci do szkole\u0144 kolejnych pokole\u0144 pracownik\u00f3w lub do analizy proces\u00f3w biznesowych i doskonalenia dzia\u0142a\u0144 organizacji.<\/p>\n\n\n\n<h4 class=\"wp-block-heading\">Podsumowanie wiedzy &#8211; co wiemy o nagrywaniu szkole\u0144?<\/h4>\n\n\n\n<p>Nagrywanie szkole\u0144 w edukacji i kszta\u0142ceniu pracownik\u00f3w stanowi niezast\u0105pione narz\u0119dzie, kt\u00f3re przynosi liczne korzy\u015bci dla biznes\u00f3w i innych organizacji. Dzi\u0119ki dost\u0119pno\u015bci, elastyczno\u015bci, mo\u017cliwo\u015bci powtarzania i ponownego przegl\u0105dania materia\u0142\u00f3w, skalowalno\u015bci oraz oszcz\u0119dno\u015bci czasu i koszt\u00f3w, nagrania szkole\u0144 stanowi\u0105 skuteczne rozwi\u0105zanie wspieraj\u0105ce rozw\u00f3j personelu oraz efektywno\u015b\u0107 dzia\u0142alno\u015bci organizacji. Dodatkowo, nagrywane sesje umo\u017cliwiaj\u0105 monitorowanie post\u0119p\u00f3w uczestnik\u00f3w, personalizacj\u0119 tre\u015bci oraz zachowanie pami\u0119ci organizacyjnej, co przyczynia si\u0119 do ci\u0105g\u0142ego doskonalenia proces\u00f3w edukacyjnych i biznesowych.<\/p>\n\n\n\n<p>Agencja Simple Frame to niekwestionowany ekspert w produkcji i nagrywaniu szkole\u0144. Dzi\u0119ki naszemu do\u015bwiadczeniu oraz zaawansowanej technologii zapewniamy najwy\u017csz\u0105 jako\u015b\u0107 nagra\u0144, kt\u00f3re s\u0105 nie tylko klarowne i profesjonalne, ale tak\u017ce skuteczne w przekazywaniu wiedzy. Nasz zesp\u00f3\u0142 doskonale rozumie potrzeby klient\u00f3w i potrafi dostosowa\u0107 si\u0119 do r\u00f3\u017cnorodnych temat\u00f3w oraz format\u00f3w szkole\u0144. Bez wzgl\u0119du na bran\u017c\u0119 czy specyfik\u0119 tre\u015bci, mo\u017cesz by\u0107 pewny, \u017ce nagrania wykonane przez agencj\u0119 Simple Frame b\u0119d\u0105 nie tylko informatywne, ale tak\u017ce przyci\u0105gaj\u0105ce uwag\u0119 i anga\u017cuj\u0105ce widza. Zaufaj ekspertom i zainwestuj w profesjonalne nagrania szkole\u0144 z agencj\u0105 Simple Frame.<\/p>","protected":false},"excerpt":{"rendered":"<p>Szkolenia jako inwestycja w ludzi, czyli nagrywanie szkole\u0144. Nagrywanie szkole\u0144 w edukacji i kszta\u0142ceniu pracownik\u00f3w [&hellip;]<\/p>\n","protected":false},"author":1,"featured_media":0,"parent":0,"menu_order":0,"comment_status":"closed","ping_status":"closed","template":"","meta":{"footnotes":""},"class_list":["post-1681","page","type-page","status-publish","hentry"],"_links":{"self":[{"href":"https:\/\/www.animacje-komputerowe.com.pl\/de\/wp-json\/wp\/v2\/pages\/1681","targetHints":{"allow":["GET"]}}],"collection":[{"href":"https:\/\/www.animacje-komputerowe.com.pl\/de\/wp-json\/wp\/v2\/pages"}],"about":[{"href":"https:\/\/www.animacje-komputerowe.com.pl\/de\/wp-json\/wp\/v2\/types\/page"}],"author":[{"embeddable":true,"href":"https:\/\/www.animacje-komputerowe.com.pl\/de\/wp-json\/wp\/v2\/users\/1"}],"replies":[{"embeddable":true,"href":"https:\/\/www.animacje-komputerowe.com.pl\/de\/wp-json\/wp\/v2\/comments?post=1681"}],"version-history":[{"count":9,"href":"https:\/\/www.animacje-komputerowe.com.pl\/de\/wp-json\/wp\/v2\/pages\/1681\/revisions"}],"predecessor-version":[{"id":2834,"href":"https:\/\/www.animacje-komputerowe.com.pl\/de\/wp-json\/wp\/v2\/pages\/1681\/revisions\/2834"}],"wp:attachment":[{"href":"https:\/\/www.animacje-komputerowe.com.pl\/de\/wp-json\/wp\/v2\/media?parent=1681"}],"curies":[{"name":"wp","href":"https:\/\/api.w.org\/{rel}","templated":true}]}}