
{"id":1403,"date":"2018-04-16T06:42:08","date_gmt":"2018-04-16T04:42:08","guid":{"rendered":"http:\/\/www.animacje-komputerowe.com.pl\/?page_id=1403"},"modified":"2024-02-21T08:50:30","modified_gmt":"2024-02-21T07:50:30","slug":"film-promocyjny","status":"publish","type":"page","link":"https:\/\/www.animacje-komputerowe.com.pl\/de\/film-promocyjny\/","title":{"rendered":"Werbevideo"},"content":{"rendered":"<h4 class=\"wp-block-heading\"><strong>Werbevideo - Ihre Entscheidung in einer halben Minute <\/strong><\/h4>\n\n\n\n<p><a href=\"https:\/\/simpleframe.pl\/prezentacje-multimedialne\/\" target=\"_blank\" rel=\"noopener noreferrer\">Bild<\/a>Der Ton, das Wort, all das kommt in einer sauberen Abfolge zusammen, und dann ist da noch der wichtigste Faktor - die Emotion. Trotz der Jahrhunderte, die vergangen sind, besteht die Hauptaufgabe der Werbung darin, aufzufallen, Aufmerksamkeit zu erregen, einfach den Kunden dazu zu bringen, zu DIESEM Produkt zu greifen. Das Problem ist, dass es heute immer schwieriger wird, den potenziellen Betrachter zu \u00fcberraschen. Wir haben es also mit einer Art Paradoxon zu tun: Einerseits gibt es feste Kriterien, die zum Erfolg in der Werbung beitragen. <a href=\"http:\/\/www.animacje-komputerowe.com.pl\/de\/\" target=\"_blank\" rel=\"noopener noreferrer\">Werbung<\/a>Jahrhundert, das viele als das Zeitalter des Internets bezeichnen, zu durchbrechen. Ein wichtiger Bestandteil des modernen Marketings ist das Werbevideo. Und welche Regeln sind zu beachten, wenn <a href=\"https:\/\/www.simpleframe.pl\/produkcjafilmowreklamowych\/\" target=\"_blank\" rel=\"noopener\">Produktion<\/a>um den erwarteten Erfolg zu erzielen?<\/p>\n\n\n<iframe loading=\"lazy\" src=\"https:\/\/player.vimeo.com\/video\/304353699?badge=0&amp;autopause=0&amp;player_id=0&amp;app_id=58479\" width=\"1920\" height=\"1080\" frameborder=\"0\" allow=\"autoplay; fullscreen; picture-in-picture\" title=\"Werbevideo - Vershold\"><\/iframe>\n\n\n<h4 class=\"wp-block-heading\"> <strong>Was ist ein Werbevideo?<\/strong> <\/h4>\n\n\n\n<p><strong> <\/strong><br>Wie der Name schon sagt, ist ein Werbevideo nichts anderes als ein kurzer Film, der eine bestimmte <a href=\"http:\/\/prezentacje-multimedialne.com.pl\/index.php\/2020\/04\/01\/ice-on\/\" target=\"_blank\" rel=\"noreferrer noopener\">Werbeangebot<\/a>. Dabei kann es sich um ein bestimmtes Produkt, die Werbung f\u00fcr eine bestimmte Marke oder die Pr\u00e4sentation einer bestimmten Aktivit\u00e4t handeln. Das gesamte Video sollte nicht l\u00e4nger als 3 Minuten sein, aber normalerweise dauert diese Art von Video zwischen 30 Sekunden und 1,5 Minuten. Es h\u00e4ngt alles von der Menge des Inhalts ab, den wir vermitteln m\u00fcssen.<\/p>\n\n\n\n<h4 class=\"wp-block-heading\"> <strong>Was ist f\u00fcr die Bef\u00f6rderung wichtig?<\/strong> <\/h4>\n\n\n\n<p><strong> <\/strong><br>Erstens: ein Drehbuch, und zwar ein genau beschriebenes Drehbuch. Wenn wir vom Drehbuch sprechen, meinen wir nicht nur einen Plan f\u00fcr die einzelnen Szenen des Films, sondern auch die anderen Schritte der Dreharbeiten, wie z. B. den Standort des Sets, die Anzahl der Drehtage, Schauspieler, Statisten usw. Das gesamte Drehbuch muss zwar das Wichtigste enthalten, aber es muss pr\u00e4gnant geschrieben sein - so wie der Film selbst, der eine Art Essenz dessen sein sollte, was dem Auftraggeber am wichtigsten ist. Zur\u00fcck zum Drehbuch: Wenn wir einen Film produzieren, m\u00fcssen wir die Frage beantworten, wen wir mit unserem Produkt erreichen wollen. Dann bestimmen wir die Zielgruppe und folglich auch die geeigneten Inhalte, Bilder und Emotionen, die ihre Aufmerksamkeit erregen werden. Einer der h\u00e4ufigsten Fehler ist es, die Zielgruppe nicht richtig zu definieren.<\/p>\n\n\n<iframe loading=\"lazy\" src=\"https:\/\/player.vimeo.com\/video\/865554673?badge=0&amp;autopause=0&amp;player_id=0&amp;app_id=58479\" width=\"4096\" height=\"1716\" frameborder=\"0\" allow=\"autoplay; fullscreen; picture-in-picture\" title=\"ZPAS - Imagefilm\"><\/iframe>\n\n\n<h4 class=\"wp-block-heading\"> <strong>Inhalt und Emotionen<\/strong> <\/h4>\n\n\n\n<p><br>In der Einleitung haben wir gesagt, dass Emotionen eine wichtige (wenn nicht die wichtigste!) Rolle in Werbebotschaften spielen. In einem Werbevideo kann dies sowohl durch Worte als auch durch Bilder gezeigt werden. Bei Emotionen geht es auch darum, die Aufmerksamkeit des Zuschauers zu erregen. Wir haben oben gesagt, dass ein Werbevideo im Allgemeinen nicht l\u00e4nger als drei Minuten dauern sollte und dass es vor allem darauf ankommt, gut zu beginnen. Zahlreiche erfahrene Personen haben immer wieder best\u00e4tigt, dass die Wahrscheinlichkeit eines Werbeerfolgs sinkt, wenn das Video nicht in den ersten Sekunden die Aufmerksamkeit des Zuschauers erregt, weshalb es so wichtig ist, das Video nicht durch zus\u00e4tzliche, unn\u00f6tige Handlungen zu vergr\u00f6\u00dfern.<\/p>\n\n\n\n<p>Die Rolle der Emotionen in einem Werbevideo ist so gro\u00df, dass selbst wenn wir selbst vor dem Kauf eines bestimmten Produkts zur\u00fcckschrecken, unser Bewusstsein uns zu sagen scheint: \"Du musst es haben\". Und die Kontexte der Emotionen in einem Werbevideo k\u00f6nnen vielf\u00e4ltig sein - von R\u00fchrung \u00fcber Schock bis hin zum Wunsch, ein bisschen Luxus zu erleben. Wenn wir aber zum Beispiel in einem Werbevideo die Dienstleistungen eines bestimmten Unternehmens vorstellen wollen, ist es sehr wichtig, uns mit Aussagen von Fachleuten oder zufriedenen Kunden zu \"unterst\u00fctzen\".<br>Bild ist die heutige Technologie<\/p>\n\n\n<iframe loading=\"lazy\" src=\"https:\/\/player.vimeo.com\/video\/740269718?badge=0&amp;autopause=0&amp;player_id=0&amp;app_id=58479\" width=\"1920\" height=\"1080\" frameborder=\"0\" allow=\"autoplay; fullscreen; picture-in-picture\" title=\"MPack - Werbevideo\"><\/iframe>\n\n\n<p>Kaum HD-Technik ist der Standard, aber Techniken wie 2D oder 3D werden immer mehr zum Standard. Ein Film kann durch diese Techniken, die Animation, bereichert werden, aber er kann auch einfach bleiben. Es h\u00e4ngt alles von der Idee des Machers ab.<\/p>\n\n\n\n<h4 class=\"wp-block-heading\"> <strong>Was ist die St\u00e4rke unseres Werbevideos?<\/strong> <\/h4>\n\n\n\n<p><br>Es ist eine reine kreative Erfindung - unser Werbevideo kann durch einen einpr\u00e4gsamen Slogan oder ein musikalisches Thema in Erinnerung bleiben, was ebenfalls ein sehr wichtiges Element eines Werbevideos ist. Das Werbevideo selbst kann jedoch durch seine Gesamtbotschaft, die bestimmte Emotionen hervorgerufen hat, in Erinnerung bleiben.<\/p>\n\n\n\n<h4 class=\"wp-block-heading\"> <strong>Was ist mit dem Preis? <\/strong> <\/h4>\n\n\n\n<p><br>Das h\u00e4ngt auch davon ab, was wir mit dem Werbefilm vorhaben. Die Anwesenheit sowie die Anzahl der Schauspieler, der Standort des Sets, der Einsatz von Technik. Dies sind nur einige der Faktoren, die bei der Diskussion \u00fcber die Produktionskosten zu ber\u00fccksichtigen sind. Im Falle eines Werbefilms ist es sehr wichtig, nicht der Masse zu folgen. Sie m\u00fcssen auf Ihre eigene Intuition h\u00f6ren, denn eine einfache Botschaft kann oft ein Hit sein. Vor allem im Zeitalter der st\u00e4ndigen \u00dcberbetonung von unn\u00f6tigen Extras.\n<iframe loading=\"lazy\" src=\"https:\/\/player.vimeo.com\/video\/878641548?badge=0&amp;autopause=0&amp;player_id=0&amp;app_id=58479\" width=\"1920\" height=\"1080\" frameborder=\"0\" allow=\"autoplay; fullscreen; picture-in-picture\" title=\"Produktanimation - ZPAS\"><\/iframe>","protected":false},"excerpt":{"rendered":"<p>Film promocyjny \u2013 Twoja decyzja w p\u00f3\u0142 minuty Obraz, d\u017awi\u0119k, s\u0142owo, wszystko to przemienia si\u0119 [&hellip;]<\/p>\n","protected":false},"author":1,"featured_media":0,"parent":0,"menu_order":0,"comment_status":"closed","ping_status":"closed","template":"","meta":{"footnotes":""},"class_list":["post-1403","page","type-page","status-publish","hentry"],"_links":{"self":[{"href":"https:\/\/www.animacje-komputerowe.com.pl\/de\/wp-json\/wp\/v2\/pages\/1403","targetHints":{"allow":["GET"]}}],"collection":[{"href":"https:\/\/www.animacje-komputerowe.com.pl\/de\/wp-json\/wp\/v2\/pages"}],"about":[{"href":"https:\/\/www.animacje-komputerowe.com.pl\/de\/wp-json\/wp\/v2\/types\/page"}],"author":[{"embeddable":true,"href":"https:\/\/www.animacje-komputerowe.com.pl\/de\/wp-json\/wp\/v2\/users\/1"}],"replies":[{"embeddable":true,"href":"https:\/\/www.animacje-komputerowe.com.pl\/de\/wp-json\/wp\/v2\/comments?post=1403"}],"version-history":[{"count":19,"href":"https:\/\/www.animacje-komputerowe.com.pl\/de\/wp-json\/wp\/v2\/pages\/1403\/revisions"}],"predecessor-version":[{"id":2807,"href":"https:\/\/www.animacje-komputerowe.com.pl\/de\/wp-json\/wp\/v2\/pages\/1403\/revisions\/2807"}],"wp:attachment":[{"href":"https:\/\/www.animacje-komputerowe.com.pl\/de\/wp-json\/wp\/v2\/media?parent=1403"}],"curies":[{"name":"wp","href":"https:\/\/api.w.org\/{rel}","templated":true}]}}