
{"id":1066,"date":"2016-10-27T08:10:50","date_gmt":"2016-10-27T06:10:50","guid":{"rendered":"http:\/\/www.animacje-komputerowe.com.pl\/?page_id=1066"},"modified":"2025-02-18T09:31:29","modified_gmt":"2025-02-18T08:31:29","slug":"animacja-3d","status":"publish","type":"page","link":"https:\/\/www.animacje-komputerowe.com.pl\/de\/animacja-3d\/","title":{"rendered":"Dreidimensionale Animation"},"content":{"rendered":"<h2 class=\"wp-block-heading\">Animacja 3D i jej zalety<\/h2>\r\n\r\n\r\n\r\n<p>Zeitgen\u00f6ssische <a href=\"https:\/\/simpleframe.pl\/prezentacje-multimedialne\/\" target=\"_blank\" rel=\"noopener noreferrer\">Werbung <\/a>erfordert die Verwaltung einer Vielzahl von Medien <a href=\"https:\/\/simpleframe.pl\/film-biznesowy\/\" target=\"_blank\" rel=\"noopener noreferrer\">Werbung<\/a> oraz u\u017cywania zr\u00f3\u017cnicowanych technik, w tym r\u00f3wnie\u017c animacji komputerowej.\u00a0 Animacja 3D (tr\u00f3jwymiarowa) czyli animacja, kt\u00f3ra umo\u017cliwia tr\u00f3jwymiarowe ukazywanie postaci to nowoczesne narz\u0119dzie, kt\u00f3re stosuje si\u0119 w bran\u017cy filmowej i reklamowej. Pozwala na ukazanie przedmiot\u00f3w w wyj\u0105tkowo realistyczny spos\u00f3b, poprzez bardzo wierne odtworzenie jego budowy. Dzi\u0119ki temu \u0142atwiej przekona\u0107 odbiorc\u0119 do marki.<iframe loading=\"lazy\" title=\"Showreel - 3d-Animation\" src=\"https:\/\/player.vimeo.com\/video\/53487732?badge=0&amp;autopause=0&amp;player_id=0&amp;app_id=58479\" width=\"1920\" height=\"1080\" frameborder=\"0\"><\/iframe> <\/p>\r\n<p><strong>3D-Animation - Vorteile f\u00fcr Unternehmen<\/strong><\/p>\r\n<p>\r\n\r\n<\/p>\r\n<p><a href=\"https:\/\/www.animacje-komputerowe.com.pl\/de\/\">Dreidimensionale Animation <\/a> przyci\u0105ga uwag\u0119 odbiorcy i utrzymuje jego zainteresowanie d\u0142u\u017cej. Dzi\u0119ki temu, firma ma wi\u0119ksze szanse na to, \u017ce odbiorca skorzysta z jej us\u0142ug lub produkt\u00f3w. Realistyczne przedstawienie przedmiot\u00f3w za pomoc\u0105 animacji tr\u00f3jwymiarowej pomaga przekona\u0107 odbiorc\u00f3w do danej marki. Reklamy w tej technice s\u0105 bardziej atrakcyjne i skuteczniejsze w zach\u0119caniu do zakupu lub skorzystania z us\u0142ug, w por\u00f3wnaniu do animacji dwuwymiarowych czy tradycyjnych film\u00f3w. Mo\u017cliwo\u015b\u0107 przedstawienia skomplikowanych proces\u00f3w w nowoczesny i atrakcyjny spos\u00f3b sprawia, \u017ce animacja tr\u00f3jwymiarowa przyci\u0105ga uwag\u0119 odbiorcy na d\u0142u\u017cej, co zwi\u0119ksza szanse na skorzystanie z oferty firmy. To doskona\u0142e narz\u0119dzie do promocji i sprzeda\u017cy produkt\u00f3w oraz us\u0142ug.<\/p>\r\n<p><iframe loading=\"lazy\" title=\"Technische Animation\" src=\"https:\/\/player.vimeo.com\/video\/246983173?badge=0&amp;autopause=0&amp;player_id=0&amp;app_id=58479\" width=\"1920\" height=\"1080\" frameborder=\"0\"><\/iframe><\/p>\r\n<p><strong>3D-Animation von Simple Frame<\/strong><\/p>\r\n<p>\r\n\r\n<\/p>\r\n<h3 class=\"wp-block-heading\"><strong>3D-Animation von Simple Frame<\/strong><\/h3>\r\n<p>\r\n\r\n<\/p>\r\n<p>Das in Warschau ans\u00e4ssige Studio Simple Frame produziert Werbe-, Promotion-, Image- und Unternehmensfilme, aber auch <a href=\"https:\/\/simpleframe.pl\/animacja-produktowa\/?fbclid=IwAR1FBO7kKcUTmWecC4KT0DJD3zs3Gz6-ELqux__BQGtycrUOi0Q0r7BSNzk\" target=\"_blank\" rel=\"noopener noreferrer\">2d und 3d Animationen<\/a>. All diese Aktivit\u00e4ten tragen dazu bei, einen Marketingeffekt zu erzielen und die Gewinne zu steigern.  Damit unser <a href=\"https:\/\/simpleframe.pl\/pl\/produkcja-animacji\/\" target=\"_blank\" rel=\"noopener noreferrer\">Computeranimationen<\/a> ihre Funktion erf\u00fcllen, werden sie von Spezialisten mit langj\u00e4hriger Erfahrung erstellt. Die hohe Qualit\u00e4t wird durch den Erfolg unserer Filme und die Zufriedenheit unserer Kunden mit ihrer Wirksamkeit best\u00e4tigt. Das Studio ist mit den hochwertigsten Ger\u00e4ten ausgestattet. Simple Frame ist ein kreatives Team von jungen Leuten. Wir lieben es, Film und Animation zu kombinieren, mit Bildern und Stilen zu spielen. So entstehen neue Dinge, die Freude machen und in Projekten gut funktionieren.<\/p>\r\n<p>\r\n\r\n<\/p>\r\n<h4 class=\"wp-block-heading\">Individueller Ansatz f\u00fcr jede Animation<\/h4>\r\n<p>\r\n\r\n<\/p>\r\n<p>All dies tr\u00e4gt dazu bei, einen Marketingeffekt zu erzielen und den Gewinn zu steigern. Damit unsere Computeranimationen ihre Funktion erf\u00fcllen, werden sie von Spezialisten mit langj\u00e4hriger Erfahrung erstellt. Die hohe Qualit\u00e4t wird durch den Erfolg unserer Filme und die Zufriedenheit unserer Kunden mit ihrer Wirksamkeit best\u00e4tigt. Das Studio ist mit den hochwertigsten Ger\u00e4ten ausgestattet. Simple Frame ist ein kreatives Team von jungen Leuten.<\/p>\r\n<p>\r\n\r\n<\/p>\r\n<figure class=\"wp-block-image size-full\"><img loading=\"lazy\" decoding=\"async\" width=\"960\" height=\"300\" class=\"wp-image-2730\" src=\"https:\/\/www.animacje-komputerowe.com.pl\/wp-content\/uploads\/2024\/02\/Tech_06.jpg\" alt=\"Animacja tr\u00f3jwymiarowa\" srcset=\"https:\/\/www.animacje-komputerowe.com.pl\/wp-content\/uploads\/2024\/02\/Tech_06.jpg 960w, https:\/\/www.animacje-komputerowe.com.pl\/wp-content\/uploads\/2024\/02\/Tech_06-300x94.jpg 300w, https:\/\/www.animacje-komputerowe.com.pl\/wp-content\/uploads\/2024\/02\/Tech_06-768x240.jpg 768w, https:\/\/www.animacje-komputerowe.com.pl\/wp-content\/uploads\/2024\/02\/Tech_06-230x72.jpg 230w, https:\/\/www.animacje-komputerowe.com.pl\/wp-content\/uploads\/2024\/02\/Tech_06-350x109.jpg 350w, https:\/\/www.animacje-komputerowe.com.pl\/wp-content\/uploads\/2024\/02\/Tech_06-480x150.jpg 480w\" sizes=\"auto, (max-width: 960px) 100vw, 960px\" \/><\/figure>\r\n<p><\/p>","protected":false},"excerpt":{"rendered":"<p>Animacja 3D i jej zalety<\/p>","protected":false},"author":1,"featured_media":412,"parent":0,"menu_order":0,"comment_status":"closed","ping_status":"closed","template":"","meta":{"footnotes":""},"class_list":["post-1066","page","type-page","status-publish","has-post-thumbnail","hentry"],"_links":{"self":[{"href":"https:\/\/www.animacje-komputerowe.com.pl\/de\/wp-json\/wp\/v2\/pages\/1066","targetHints":{"allow":["GET"]}}],"collection":[{"href":"https:\/\/www.animacje-komputerowe.com.pl\/de\/wp-json\/wp\/v2\/pages"}],"about":[{"href":"https:\/\/www.animacje-komputerowe.com.pl\/de\/wp-json\/wp\/v2\/types\/page"}],"author":[{"embeddable":true,"href":"https:\/\/www.animacje-komputerowe.com.pl\/de\/wp-json\/wp\/v2\/users\/1"}],"replies":[{"embeddable":true,"href":"https:\/\/www.animacje-komputerowe.com.pl\/de\/wp-json\/wp\/v2\/comments?post=1066"}],"version-history":[{"count":33,"href":"https:\/\/www.animacje-komputerowe.com.pl\/de\/wp-json\/wp\/v2\/pages\/1066\/revisions"}],"predecessor-version":[{"id":3263,"href":"https:\/\/www.animacje-komputerowe.com.pl\/de\/wp-json\/wp\/v2\/pages\/1066\/revisions\/3263"}],"wp:featuredmedia":[{"embeddable":true,"href":"https:\/\/www.animacje-komputerowe.com.pl\/de\/wp-json\/wp\/v2\/media\/412"}],"wp:attachment":[{"href":"https:\/\/www.animacje-komputerowe.com.pl\/de\/wp-json\/wp\/v2\/media?parent=1066"}],"curies":[{"name":"wp","href":"https:\/\/api.w.org\/{rel}","templated":true}]}}