
{"id":1063,"date":"2016-10-27T08:10:02","date_gmt":"2016-10-27T06:10:02","guid":{"rendered":"http:\/\/www.animacje-komputerowe.com.pl\/?page_id=1063"},"modified":"2025-02-18T09:32:33","modified_gmt":"2025-02-18T08:32:33","slug":"animacja-komputerowa","status":"publish","type":"page","link":"https:\/\/www.animacje-komputerowe.com.pl\/de\/animacja-komputerowa\/","title":{"rendered":"Zweidimensionale Animation"},"content":{"rendered":"<h2 class=\"wp-block-heading\">Was ist Animation?<\/h2>\n\n\n\n<p><a href=\"https:\/\/www.animacje-komputerowe.com.pl\/de\/\">Animation<\/a> 2d (zweidimensional) ist ein modernes Werkzeug, das sich perfekt f\u00fcr die Werbeindustrie eignet. 2D-Animationen veranschaulichen perfekt und einfach selbst die kompliziertesten Prozesse <a href=\"http:\/\/www.animacje-komputerowe.com.pl\/de\/\" target=\"_blank\" rel=\"noopener noreferrer\">Technologie<\/a>, medizinische oder andere Informationen, unabh\u00e4ngig vom Sektor. Ein animiertes Werbevideo erm\u00f6glicht es, komplexe Anleitungen, Verkaufs- und Schulungsinformationen oder die Bedienung einzelner Anwendungen anschaulich darzustellen.<\/p>\n\n\n<p><iframe loading=\"lazy\" src=\"https:\/\/player.vimeo.com\/video\/67118237?badge=0&amp;autopause=0&amp;player_id=0&amp;app_id=58479\" width=\"1920\" height=\"1080\" frameborder=\"0\" allow=\"autoplay; fullscreen; picture-in-picture\" title=\"Showreel - 2d Animation\"><\/iframe><\/p>\n\n\n<h2 class=\"wp-block-heading\"><strong>Zweidimensionale Animation - Vorteile<\/strong><\/h2>\n\n\n\n<p><p>Zweidimensionale Animationen haben viele Vorteile.   Sie k\u00f6nnen komplexe Prozesse, medizinische oder andere Informationen perfekt und einfach illustrieren.   Animierte Werbespots erm\u00f6glichen es, Anleitungen, Verkaufsinformationen, Schulungen und die Funktionsweise von Anwendungen deutlich darzustellen.   Sie sind ein hervorragendes Werbemittel, das die Aufmerksamkeit des Zuschauers auf sich zieht und ein wirksames Marketinginstrument darstellt.   Die professionelle Produktion von Animationen garantiert eine hohe Qualit\u00e4t und das Interesse der potenziellen Kunden.<\/p><\/p>\n\n\n\n<h2 class=\"wp-block-heading\">Ist die zweidimensionale Animation ein universelles Werkzeug?<\/h2>\n\n\n\n<p>Ja, die 2D-Animation ist ein vielseitiges Werkzeug, das in einer Vielzahl von Branchen eingesetzt werden kann.<\/p>\n\n\n\n<p>Eine professionelle Animation garantiert hohe Qualit\u00e4t und das Interesse potenzieller Kunden. 2D-Animationen sind ein wirksames Instrument, um komplexe Prozesse auf einfache Weise darzustellen. Unabh\u00e4ngig von der Branche veranschaulichen 2D-Animationen perfekt technische, medizinische und viele andere Informationen. Werbefilme in Form von Animationen erm\u00f6glichen es, Anleitungen, Verkaufsinformationen, Schulungen und die Bedienung verschiedener Anwendungen anschaulich zu pr\u00e4sentieren. Computeranimationen sind auch ein hervorragendes Marketinginstrument, das die Aufmerksamkeit des Publikums auf sich zieht und Dienstleistungen und Produkte wirksam bewirbt. Ihre professionelle Ausf\u00fchrung und hohe Qualit\u00e4t ziehen potenzielle Kunden an. Ja, die zweidimensionale Animation ist ein vielseitiges Werkzeug, das in verschiedenen Branchen eingesetzt werden kann.<\/p>\n\n\n<p><iframe loading=\"lazy\" src=\"https:\/\/player.vimeo.com\/video\/259841464?badge=0&amp;autopause=0&amp;player_id=0&amp;app_id=58479\" width=\"1920\" height=\"1080\" frameborder=\"0\" allow=\"autoplay; fullscreen; picture-in-picture\" title=\"Eurobank\"><\/iframe><\/p>\n\n\n<h2 class=\"wp-block-heading\">Animation als wichtiger Bestandteil des Marketings.<\/h2>\n\n\n\n<p><p>Die zweidimensionale Animation ist ein \u00e4u\u00dferst flexibles Instrument, das in vielen Bereichen eingesetzt wird. Aufgrund ihrer Dynamik und ihrer F\u00e4higkeit, komplexe Informationen auf einfache Weise zu vermitteln, wird sie h\u00e4ufig im Marketing eingesetzt. Animationsfilme, ob zu Werbe- oder Lehrzwecken, sind ein wirksames Mittel, um f\u00fcr Produkte und Dienstleistungen zu werben und die Aufmerksamkeit potenzieller Kunden zu wecken. Es ist wichtig, dass die Animation professionell produziert wird und \u00fcber qualitativ hochwertige Grafiken verf\u00fcgt, um die beabsichtigte Wirkung zu erzielen.<\/p>   <p>Sowohl Werbe- als auch Lehrvideos in Form von Animationen sind wirksame Marketinginstrumente, um die Aufmerksamkeit potenzieller Kunden zu erregen und Produkte und Dienstleistungen zu f\u00f6rdern.   Professionelle Animationen und hochwertige Grafiken sind der Schl\u00fcssel zu den gew\u00fcnschten Ergebnissen.   Die zweidimensionale Animation ist ein \u00e4u\u00dferst flexibles Instrument, das in vielen Bereichen Anwendung findet.   Aufgrund ihrer Dynamik und ihrer F\u00e4higkeit, komplexe Informationen auf einfache Weise zu vermitteln, wird sie h\u00e4ufig im Marketing eingesetzt.   Animationsfilme, ob zu Werbe- oder Lehrzwecken, sind ein wirksames Mittel, um f\u00fcr Produkte und Dienstleistungen zu werben und die Aufmerksamkeit potenzieller Kunden zu wecken.   Es ist wichtig, dass die Animation professionell produziert wird und \u00fcber qualitativ hochwertige Grafiken verf\u00fcgt, um die beabsichtigte Wirkung zu erzielen.<\/p><\/p>\n\n\n<p><iframe loading=\"lazy\" src=\"https:\/\/player.vimeo.com\/video\/864304198?badge=0&amp;autopause=0&amp;player_id=0&amp;app_id=58479\" width=\"1920\" height=\"1080\" frameborder=\"0\" allow=\"autoplay; fullscreen; picture-in-picture\" title=\"Oney_Raty\"><\/iframe><\/p>\n\n\n<h3 class=\"wp-block-heading\">Wer produziert interessante zweidimensionale Animationen?<\/h3>\n\n\n\n<p>Das Warschauer Studio Simple Frame <a href=\"https:\/\/simpleframe.pl\/prezentacje-multimedialne\/\" target=\"_blank\" rel=\"noopener noreferrer\">produziert Filme<\/a> Werbe-, Image- und Unternehmensfilme, einschlie\u00dflich 2D- und 3D-Animationen, die die Rolle eines Marketing- und Kommunikationsmittels innerhalb eines Unternehmens oder im Kontakt mit seinen Kunden perfekt erf\u00fcllen. Wir produzieren seit mehr als einem Dutzend Jahren Filme, so dass die Branche keine Geheimnisse f\u00fcr uns bereith\u00e4lt. Dank unserer Produktionen k\u00f6nnen unsere Kunden ihre Strategien verwirklichen und so ihr Firmenimage verbessern. Wir bieten umfassende Dienstleistungen im Bereich Filmproduktion und Postproduktion an. Vor einigen Jahren haben wir unsere Aktivit\u00e4ten um den Bereich Animationsdesign erweitert. Unser Produktionshaus befindet sich in Warschau und wir verf\u00fcgen auch \u00fcber ein eigenes Tonstudio.<\/p>\n\n\n<p><iframe loading=\"lazy\" src=\"https:\/\/player.vimeo.com\/video\/250253282?badge=0&amp;autopause=0&amp;player_id=0&amp;app_id=58479\" width=\"1920\" height=\"1080\" frameborder=\"0\" allow=\"autoplay; fullscreen; picture-in-picture\" title=\"Orange_Funbox\"><\/iframe><\/p>\n\n\n<h3 class=\"wp-block-heading\">Erfahrung und Kreation.<\/h3>\n\n\n\n<figure class=\"wp-block-image size-full\"><img loading=\"lazy\" decoding=\"async\" width=\"960\" height=\"300\" src=\"https:\/\/www.animacje-komputerowe.com.pl\/wp-content\/uploads\/2024\/02\/2d_02-1.jpg\" alt=\"Animacja dwuwymiarowa\" class=\"wp-image-2744\" srcset=\"https:\/\/www.animacje-komputerowe.com.pl\/wp-content\/uploads\/2024\/02\/2d_02-1.jpg 960w, https:\/\/www.animacje-komputerowe.com.pl\/wp-content\/uploads\/2024\/02\/2d_02-1-300x94.jpg 300w, https:\/\/www.animacje-komputerowe.com.pl\/wp-content\/uploads\/2024\/02\/2d_02-1-768x240.jpg 768w, https:\/\/www.animacje-komputerowe.com.pl\/wp-content\/uploads\/2024\/02\/2d_02-1-230x72.jpg 230w, https:\/\/www.animacje-komputerowe.com.pl\/wp-content\/uploads\/2024\/02\/2d_02-1-350x109.jpg 350w, https:\/\/www.animacje-komputerowe.com.pl\/wp-content\/uploads\/2024\/02\/2d_02-1-480x150.jpg 480w\" sizes=\"auto, (max-width: 960px) 100vw, 960px\" \/><\/figure>\n\n\n\n<p>Wir sind eine erfahrene Produktionsfirma, die sich auf die Erstellung verschiedener Arten von Werbe- und Unternehmensfilmen spezialisiert hat. Zu unseren Dienstleistungen geh\u00f6rt die Produktion von 2D- und 3D-Filmen, die ein wirksames Marketing- und Kommunikationsinstrument darstellen. Wir sind seit vielen Jahren im Gesch\u00e4ft und kennen daher die Bed\u00fcrfnisse der Branche sehr gut. Dank unserer Filme k\u00f6nnen unsere Kunden Gesch\u00e4ftsstrategien wirksam umsetzen und ein positives Unternehmensimage aufbauen.<\/p>\n\n\n\n<h4 class=\"wp-block-heading\">Ein umfassendes Konzept f\u00fcr den Kundendienst.<\/h4>\n\n\n\n<p> Wir bieten umfassende Dienstleistungen an, die auch die Filmproduktion und Postproduktion umfassen. Unser Studio befindet sich in Warschau, wo wir auch \u00fcber ein eigenes Tonstudio verf\u00fcgen. Wir behandeln jedes Projekt individuell, um den einzigartigen Anforderungen des Kunden gerecht zu werden. Unser Ziel ist es, eine kreative und attraktive Pr\u00e4sentation zu liefern, die das Interesse und die Emotionen des Publikums weckt.<\/p>","protected":false},"excerpt":{"rendered":"<p>Czym jest animacja? Animacja 2d (dwuwymiarowa) to nowoczesne narz\u0119dzie, doskonale sprawdzaj\u0105ce si\u0119 w bran\u017cy reklamowej. [&hellip;]<\/p>\n","protected":false},"author":1,"featured_media":188,"parent":0,"menu_order":0,"comment_status":"closed","ping_status":"closed","template":"","meta":{"footnotes":""},"class_list":["post-1063","page","type-page","status-publish","has-post-thumbnail","hentry"],"_links":{"self":[{"href":"https:\/\/www.animacje-komputerowe.com.pl\/de\/wp-json\/wp\/v2\/pages\/1063","targetHints":{"allow":["GET"]}}],"collection":[{"href":"https:\/\/www.animacje-komputerowe.com.pl\/de\/wp-json\/wp\/v2\/pages"}],"about":[{"href":"https:\/\/www.animacje-komputerowe.com.pl\/de\/wp-json\/wp\/v2\/types\/page"}],"author":[{"embeddable":true,"href":"https:\/\/www.animacje-komputerowe.com.pl\/de\/wp-json\/wp\/v2\/users\/1"}],"replies":[{"embeddable":true,"href":"https:\/\/www.animacje-komputerowe.com.pl\/de\/wp-json\/wp\/v2\/comments?post=1063"}],"version-history":[{"count":31,"href":"https:\/\/www.animacje-komputerowe.com.pl\/de\/wp-json\/wp\/v2\/pages\/1063\/revisions"}],"predecessor-version":[{"id":3265,"href":"https:\/\/www.animacje-komputerowe.com.pl\/de\/wp-json\/wp\/v2\/pages\/1063\/revisions\/3265"}],"wp:featuredmedia":[{"embeddable":true,"href":"https:\/\/www.animacje-komputerowe.com.pl\/de\/wp-json\/wp\/v2\/media\/188"}],"wp:attachment":[{"href":"https:\/\/www.animacje-komputerowe.com.pl\/de\/wp-json\/wp\/v2\/media?parent=1063"}],"curies":[{"name":"wp","href":"https:\/\/api.w.org\/{rel}","templated":true}]}}